{"id":3952,"date":"2016-06-14T19:14:27","date_gmt":"2016-06-14T17:14:27","guid":{"rendered":"http:\/\/www.gooutdoor.it\/de\/?page_id=3952"},"modified":"2021-03-09T17:51:00","modified_gmt":"2021-03-09T16:51:00","slug":"ueber-uns","status":"publish","type":"page","link":"https:\/\/www.gooutdoor.it\/de\/ueber-uns\/","title":{"rendered":"\u00dcber Uns"},"content":{"rendered":"<p>Gooutdoor wurde im Fr\u00fchjahr 2016 gegr\u00fcndet. Der Gesch\u00e4ftssitz befindet sich in Trient, im Herzen der Dolomiten.<\/p>\n<p>Gooutdoor ist das Web-Portal f\u00fcr Liebhaber der Bet\u00e4tigung im Freien, die nach einzigartigen Erlebnissen im herrlichen Trentino suchen. Gooutdoor gestattet es den Outdoor-Fans, sich mit qualifizierten Profis der Branche in Verbindung zu setzen und Outdoor-Erlebnisse leicht und in aller Sicherheit online zu entdecken und zu buchen.<\/p>\n<p>Die angebotenen Erlebnisse sind zahlreich und vielf\u00e4ltig und umfassen fast alle Akitivit\u00e4ten, die in unserem wundersch\u00f6nen Gebiet praktiziert werden k\u00f6nnen,  vom Trekking in den Bergen \u00fcber Wanderungen zu Pferd bis zum Gleitschirmfliegen.<\/p>\n<p>Unsere Mission ist es, den Personen, die sich f\u00fcr Gooutdoor entscheiden, exklusive und unvergessliche Erlebnisse zu vermitteln und wir sind uns gewiss, dass uns dies auch dank der schlagenden Kombination eines Landstrichs voller spektakul\u00e4rer Orte und f\u00fchrender Fachleute der Branche gelingt.<\/p>\n","protected":false},"excerpt":{"rendered":"<p>Gooutdoor wurde im Fr\u00fchjahr 2016 gegr\u00fcndet. Der Gesch\u00e4ftssitz befindet sich in Trient, im Herzen der Dolomiten. Gooutdoor ist das Web-Portal f\u00fcr Liebhaber der Bet\u00e4tigung im Freien, die nach einzigartigen Erlebnissen im herrlichen Trentino suchen. Gooutdoor gestattet es den Outdoor-Fans, sich mit qualifizierten Profis der Branche in Verbindung zu setzen und Outdoor-Erlebnisse leicht und in aller [&hellip;]<\/p>\n","protected":false},"author":1,"featured_media":3947,"parent":0,"menu_order":0,"comment_status":"closed","ping_status":"closed","template":"","meta":{"footnotes":""},"class_list":["post-3952","page","type-page","status-publish","has-post-thumbnail","hentry"],"yoast_head":"<!-- This site is optimized with the Yoast SEO plugin v27.0 - https:\/\/yoast.com\/product\/yoast-seo-wordpress\/ -->\n<title>\u00dcber Uns - Gooutdoor<\/title>\n<meta name=\"robots\" content=\"index, follow, max-snippet:-1, max-image-preview:large, max-video-preview:-1\" \/>\n<meta property=\"og:locale\" content=\"de_DE\" \/>\n<meta property=\"og:type\" content=\"article\" \/>\n<meta property=\"og:title\" content=\"\u00dcber Uns - Gooutdoor\" \/>\n<meta property=\"og:description\" content=\"Gooutdoor wurde im Fr\u00fchjahr 2016 gegr\u00fcndet. Der Gesch\u00e4ftssitz befindet sich in Trient, im Herzen der Dolomiten. Gooutdoor ist das Web-Portal f\u00fcr Liebhaber der Bet\u00e4tigung im Freien, die nach einzigartigen Erlebnissen im herrlichen Trentino suchen. Gooutdoor gestattet es den Outdoor-Fans, sich mit qualifizierten Profis der Branche in Verbindung zu setzen und Outdoor-Erlebnisse leicht und in aller [&hellip;]\" \/>\n<meta property=\"og:url\" content=\"https:\/\/www.gooutdoor.it\/de\/ueber-uns\/\" \/>\n<meta property=\"og:site_name\" content=\"Gooutdoor\" \/>\n<meta property=\"article:modified_time\" content=\"2021-03-09T16:51:00+00:00\" \/>\n<meta property=\"og:image\" content=\"https:\/\/www.gooutdoor.it\/wp-content\/uploads\/2016\/06\/22574.jpg\" \/>\n\t<meta property=\"og:image:width\" content=\"2126\" \/>\n\t<meta property=\"og:image:height\" content=\"1417\" \/>\n\t<meta property=\"og:image:type\" content=\"image\/jpeg\" \/>\n<meta name=\"twitter:card\" content=\"summary_large_image\" \/>\n<meta name=\"twitter:label1\" content=\"Gesch\u00e4tzte Lesezeit\" \/>\n\t<meta name=\"twitter:data1\" content=\"1\u00a0Minute\" \/>\n<script type=\"application\/ld+json\" class=\"yoast-schema-graph\">{\"@context\":\"https:\/\/schema.org\",\"@graph\":[{\"@type\":\"WebPage\",\"@id\":\"https:\/\/www.gooutdoor.it\/de\/ueber-uns\/\",\"url\":\"https:\/\/www.gooutdoor.it\/de\/ueber-uns\/\",\"name\":\"\u00dcber Uns - Gooutdoor\",\"isPartOf\":{\"@id\":\"https:\/\/www.gooutdoor.it\/#website\"},\"primaryImageOfPage\":{\"@id\":\"https:\/\/www.gooutdoor.it\/de\/ueber-uns\/#primaryimage\"},\"image\":{\"@id\":\"https:\/\/www.gooutdoor.it\/de\/ueber-uns\/#primaryimage\"},\"thumbnailUrl\":\"https:\/\/www.gooutdoor.it\/wp-content\/uploads\/2016\/06\/22574.jpg\",\"datePublished\":\"2016-06-14T17:14:27+00:00\",\"dateModified\":\"2021-03-09T16:51:00+00:00\",\"breadcrumb\":{\"@id\":\"https:\/\/www.gooutdoor.it\/de\/ueber-uns\/#breadcrumb\"},\"inLanguage\":\"de\",\"potentialAction\":[{\"@type\":\"ReadAction\",\"target\":[\"https:\/\/www.gooutdoor.it\/de\/ueber-uns\/\"]}]},{\"@type\":\"ImageObject\",\"inLanguage\":\"de\",\"@id\":\"https:\/\/www.gooutdoor.it\/de\/ueber-uns\/#primaryimage\",\"url\":\"https:\/\/www.gooutdoor.it\/wp-content\/uploads\/2016\/06\/22574.jpg\",\"contentUrl\":\"https:\/\/www.gooutdoor.it\/wp-content\/uploads\/2016\/06\/22574.jpg\",\"width\":2126,\"height\":1417},{\"@type\":\"BreadcrumbList\",\"@id\":\"https:\/\/www.gooutdoor.it\/de\/ueber-uns\/#breadcrumb\",\"itemListElement\":[{\"@type\":\"ListItem\",\"position\":1,\"name\":\"Home\",\"item\":\"https:\/\/www.gooutdoor.it\/de\/\"},{\"@type\":\"ListItem\",\"position\":2,\"name\":\"\u00dcber Uns\"}]},{\"@type\":\"WebSite\",\"@id\":\"https:\/\/www.gooutdoor.it\/#website\",\"url\":\"https:\/\/www.gooutdoor.it\/\",\"name\":\"Gooutdoor\",\"description\":\"Experience a Pro Guide\",\"publisher\":{\"@id\":\"https:\/\/www.gooutdoor.it\/#organization\"},\"potentialAction\":[{\"@type\":\"SearchAction\",\"target\":{\"@type\":\"EntryPoint\",\"urlTemplate\":\"https:\/\/www.gooutdoor.it\/?s={search_term_string}\"},\"query-input\":{\"@type\":\"PropertyValueSpecification\",\"valueRequired\":true,\"valueName\":\"search_term_string\"}}],\"inLanguage\":\"de\"},{\"@type\":\"Organization\",\"@id\":\"https:\/\/www.gooutdoor.it\/#organization\",\"name\":\"Gooutdoor\",\"url\":\"https:\/\/www.gooutdoor.it\/\",\"logo\":{\"@type\":\"ImageObject\",\"inLanguage\":\"de\",\"@id\":\"https:\/\/www.gooutdoor.it\/#\/schema\/logo\/image\/\",\"url\":\"https:\/\/www.gooutdoor.it\/wp-content\/uploads\/2021\/04\/logo-ok.png\",\"contentUrl\":\"https:\/\/www.gooutdoor.it\/wp-content\/uploads\/2021\/04\/logo-ok.png\",\"width\":504,\"height\":126,\"caption\":\"Gooutdoor\"},\"image\":{\"@id\":\"https:\/\/www.gooutdoor.it\/#\/schema\/logo\/image\/\"}}]}<\/script>\n<!-- \/ Yoast SEO plugin. -->","yoast_head_json":{"title":"\u00dcber Uns - Gooutdoor","robots":{"index":"index","follow":"follow","max-snippet":"max-snippet:-1","max-image-preview":"max-image-preview:large","max-video-preview":"max-video-preview:-1"},"og_locale":"de_DE","og_type":"article","og_title":"\u00dcber Uns - Gooutdoor","og_description":"Gooutdoor wurde im Fr\u00fchjahr 2016 gegr\u00fcndet. Der Gesch\u00e4ftssitz befindet sich in Trient, im Herzen der Dolomiten. Gooutdoor ist das Web-Portal f\u00fcr Liebhaber der Bet\u00e4tigung im Freien, die nach einzigartigen Erlebnissen im herrlichen Trentino suchen. Gooutdoor gestattet es den Outdoor-Fans, sich mit qualifizierten Profis der Branche in Verbindung zu setzen und Outdoor-Erlebnisse leicht und in aller [&hellip;]","og_url":"https:\/\/www.gooutdoor.it\/de\/ueber-uns\/","og_site_name":"Gooutdoor","article_modified_time":"2021-03-09T16:51:00+00:00","og_image":[{"width":2126,"height":1417,"url":"https:\/\/www.gooutdoor.it\/wp-content\/uploads\/2016\/06\/22574.jpg","type":"image\/jpeg"}],"twitter_card":"summary_large_image","twitter_misc":{"Gesch\u00e4tzte Lesezeit":"1\u00a0Minute"},"schema":{"@context":"https:\/\/schema.org","@graph":[{"@type":"WebPage","@id":"https:\/\/www.gooutdoor.it\/de\/ueber-uns\/","url":"https:\/\/www.gooutdoor.it\/de\/ueber-uns\/","name":"\u00dcber Uns - Gooutdoor","isPartOf":{"@id":"https:\/\/www.gooutdoor.it\/#website"},"primaryImageOfPage":{"@id":"https:\/\/www.gooutdoor.it\/de\/ueber-uns\/#primaryimage"},"image":{"@id":"https:\/\/www.gooutdoor.it\/de\/ueber-uns\/#primaryimage"},"thumbnailUrl":"https:\/\/www.gooutdoor.it\/wp-content\/uploads\/2016\/06\/22574.jpg","datePublished":"2016-06-14T17:14:27+00:00","dateModified":"2021-03-09T16:51:00+00:00","breadcrumb":{"@id":"https:\/\/www.gooutdoor.it\/de\/ueber-uns\/#breadcrumb"},"inLanguage":"de","potentialAction":[{"@type":"ReadAction","target":["https:\/\/www.gooutdoor.it\/de\/ueber-uns\/"]}]},{"@type":"ImageObject","inLanguage":"de","@id":"https:\/\/www.gooutdoor.it\/de\/ueber-uns\/#primaryimage","url":"https:\/\/www.gooutdoor.it\/wp-content\/uploads\/2016\/06\/22574.jpg","contentUrl":"https:\/\/www.gooutdoor.it\/wp-content\/uploads\/2016\/06\/22574.jpg","width":2126,"height":1417},{"@type":"BreadcrumbList","@id":"https:\/\/www.gooutdoor.it\/de\/ueber-uns\/#breadcrumb","itemListElement":[{"@type":"ListItem","position":1,"name":"Home","item":"https:\/\/www.gooutdoor.it\/de\/"},{"@type":"ListItem","position":2,"name":"\u00dcber Uns"}]},{"@type":"WebSite","@id":"https:\/\/www.gooutdoor.it\/#website","url":"https:\/\/www.gooutdoor.it\/","name":"Gooutdoor","description":"Experience a Pro Guide","publisher":{"@id":"https:\/\/www.gooutdoor.it\/#organization"},"potentialAction":[{"@type":"SearchAction","target":{"@type":"EntryPoint","urlTemplate":"https:\/\/www.gooutdoor.it\/?s={search_term_string}"},"query-input":{"@type":"PropertyValueSpecification","valueRequired":true,"valueName":"search_term_string"}}],"inLanguage":"de"},{"@type":"Organization","@id":"https:\/\/www.gooutdoor.it\/#organization","name":"Gooutdoor","url":"https:\/\/www.gooutdoor.it\/","logo":{"@type":"ImageObject","inLanguage":"de","@id":"https:\/\/www.gooutdoor.it\/#\/schema\/logo\/image\/","url":"https:\/\/www.gooutdoor.it\/wp-content\/uploads\/2021\/04\/logo-ok.png","contentUrl":"https:\/\/www.gooutdoor.it\/wp-content\/uploads\/2021\/04\/logo-ok.png","width":504,"height":126,"caption":"Gooutdoor"},"image":{"@id":"https:\/\/www.gooutdoor.it\/#\/schema\/logo\/image\/"}}]}},"_links":{"self":[{"href":"https:\/\/www.gooutdoor.it\/de\/wp-json\/wp\/v2\/pages\/3952","targetHints":{"allow":["GET"]}}],"collection":[{"href":"https:\/\/www.gooutdoor.it\/de\/wp-json\/wp\/v2\/pages"}],"about":[{"href":"https:\/\/www.gooutdoor.it\/de\/wp-json\/wp\/v2\/types\/page"}],"author":[{"embeddable":true,"href":"https:\/\/www.gooutdoor.it\/de\/wp-json\/wp\/v2\/users\/1"}],"replies":[{"embeddable":true,"href":"https:\/\/www.gooutdoor.it\/de\/wp-json\/wp\/v2\/comments?post=3952"}],"version-history":[{"count":0,"href":"https:\/\/www.gooutdoor.it\/de\/wp-json\/wp\/v2\/pages\/3952\/revisions"}],"wp:featuredmedia":[{"embeddable":true,"href":"https:\/\/www.gooutdoor.it\/de\/wp-json\/wp\/v2\/media\/3947"}],"wp:attachment":[{"href":"https:\/\/www.gooutdoor.it\/de\/wp-json\/wp\/v2\/media?parent=3952"}],"curies":[{"name":"wp","href":"https:\/\/api.w.org\/{rel}","templated":true}]}}