{"id":3962,"date":"2016-06-14T19:15:37","date_gmt":"2016-06-14T17:15:37","guid":{"rendered":"http:\/\/www.gooutdoor.it\/de\/?page_id=3962"},"modified":"2016-07-11T11:43:16","modified_gmt":"2016-07-11T09:43:16","slug":"kontakte","status":"publish","type":"page","link":"https:\/\/www.gooutdoor.it\/de\/kontakte\/","title":{"rendered":"Kontakte"},"content":{"rendered":"<p>Wenn Sie weitere Informationen oder Erl\u00e4uterungen w\u00fcnschen, kontaktieren Sie uns unter <strong>info@gooutdoor.it<\/strong><\/p>\n<p>F\u00fcr Revervierungen k\u00f6nnen Sie mit uns Kontakt aufnehmen unter der Adresse <strong>booking@gooutdoor.it<\/strong><\/p>\n<p>Wenn Sie ein Profi der Outdoor-Branche sind und sich bei unserer Plattform anmelden wollen,  schreiben Sie uns unter der Adresse <strong>proguide@gooutdoor.it<\/strong><\/p>\n","protected":false},"excerpt":{"rendered":"<p>Wenn Sie weitere Informationen oder Erl\u00e4uterungen w\u00fcnschen, kontaktieren Sie uns unter info@gooutdoor.it F\u00fcr Revervierungen k\u00f6nnen Sie mit uns Kontakt aufnehmen unter der Adresse booking@gooutdoor.it Wenn Sie ein Profi der Outdoor-Branche sind und sich bei unserer Plattform anmelden wollen, schreiben Sie uns unter der Adresse proguide@gooutdoor.it<\/p>\n","protected":false},"author":1,"featured_media":3960,"parent":0,"menu_order":0,"comment_status":"closed","ping_status":"closed","template":"","meta":{"footnotes":""},"class_list":["post-3962","page","type-page","status-publish","has-post-thumbnail","hentry"],"yoast_head":"<!-- This site is optimized with the Yoast SEO plugin v27.0 - https:\/\/yoast.com\/product\/yoast-seo-wordpress\/ -->\n<title>Kontakte - Gooutdoor<\/title>\n<meta name=\"robots\" content=\"index, follow, max-snippet:-1, max-image-preview:large, max-video-preview:-1\" \/>\n<meta property=\"og:locale\" content=\"de_DE\" \/>\n<meta property=\"og:type\" content=\"article\" \/>\n<meta property=\"og:title\" content=\"Kontakte - Gooutdoor\" \/>\n<meta property=\"og:description\" content=\"Wenn Sie weitere Informationen oder Erl\u00e4uterungen w\u00fcnschen, kontaktieren Sie uns unter info@gooutdoor.it F\u00fcr Revervierungen k\u00f6nnen Sie mit uns Kontakt aufnehmen unter der Adresse booking@gooutdoor.it Wenn Sie ein Profi der Outdoor-Branche sind und sich bei unserer Plattform anmelden wollen, schreiben Sie uns unter der Adresse proguide@gooutdoor.it\" \/>\n<meta property=\"og:url\" content=\"https:\/\/www.gooutdoor.it\/de\/kontakte\/\" \/>\n<meta property=\"og:site_name\" content=\"Gooutdoor\" \/>\n<meta property=\"article:modified_time\" content=\"2016-07-11T09:43:16+00:00\" \/>\n<meta property=\"og:image\" content=\"https:\/\/www.gooutdoor.it\/wp-content\/uploads\/2016\/06\/sfondo-contatti.jpg\" \/>\n\t<meta property=\"og:image:width\" content=\"2000\" \/>\n\t<meta property=\"og:image:height\" content=\"1250\" \/>\n\t<meta property=\"og:image:type\" content=\"image\/jpeg\" \/>\n<meta name=\"twitter:card\" content=\"summary_large_image\" \/>\n<script type=\"application\/ld+json\" class=\"yoast-schema-graph\">{\"@context\":\"https:\/\/schema.org\",\"@graph\":[{\"@type\":\"WebPage\",\"@id\":\"https:\/\/www.gooutdoor.it\/de\/kontakte\/\",\"url\":\"https:\/\/www.gooutdoor.it\/de\/kontakte\/\",\"name\":\"Kontakte - Gooutdoor\",\"isPartOf\":{\"@id\":\"https:\/\/www.gooutdoor.it\/#website\"},\"primaryImageOfPage\":{\"@id\":\"https:\/\/www.gooutdoor.it\/de\/kontakte\/#primaryimage\"},\"image\":{\"@id\":\"https:\/\/www.gooutdoor.it\/de\/kontakte\/#primaryimage\"},\"thumbnailUrl\":\"https:\/\/www.gooutdoor.it\/wp-content\/uploads\/2016\/06\/sfondo-contatti.jpg\",\"datePublished\":\"2016-06-14T17:15:37+00:00\",\"dateModified\":\"2016-07-11T09:43:16+00:00\",\"breadcrumb\":{\"@id\":\"https:\/\/www.gooutdoor.it\/de\/kontakte\/#breadcrumb\"},\"inLanguage\":\"de\",\"potentialAction\":[{\"@type\":\"ReadAction\",\"target\":[\"https:\/\/www.gooutdoor.it\/de\/kontakte\/\"]}]},{\"@type\":\"ImageObject\",\"inLanguage\":\"de\",\"@id\":\"https:\/\/www.gooutdoor.it\/de\/kontakte\/#primaryimage\",\"url\":\"https:\/\/www.gooutdoor.it\/wp-content\/uploads\/2016\/06\/sfondo-contatti.jpg\",\"contentUrl\":\"https:\/\/www.gooutdoor.it\/wp-content\/uploads\/2016\/06\/sfondo-contatti.jpg\",\"width\":2000,\"height\":1250},{\"@type\":\"BreadcrumbList\",\"@id\":\"https:\/\/www.gooutdoor.it\/de\/kontakte\/#breadcrumb\",\"itemListElement\":[{\"@type\":\"ListItem\",\"position\":1,\"name\":\"Home\",\"item\":\"https:\/\/www.gooutdoor.it\/de\/\"},{\"@type\":\"ListItem\",\"position\":2,\"name\":\"Kontakte\"}]},{\"@type\":\"WebSite\",\"@id\":\"https:\/\/www.gooutdoor.it\/#website\",\"url\":\"https:\/\/www.gooutdoor.it\/\",\"name\":\"Gooutdoor\",\"description\":\"Experience a Pro Guide\",\"publisher\":{\"@id\":\"https:\/\/www.gooutdoor.it\/#organization\"},\"potentialAction\":[{\"@type\":\"SearchAction\",\"target\":{\"@type\":\"EntryPoint\",\"urlTemplate\":\"https:\/\/www.gooutdoor.it\/?s={search_term_string}\"},\"query-input\":{\"@type\":\"PropertyValueSpecification\",\"valueRequired\":true,\"valueName\":\"search_term_string\"}}],\"inLanguage\":\"de\"},{\"@type\":\"Organization\",\"@id\":\"https:\/\/www.gooutdoor.it\/#organization\",\"name\":\"Gooutdoor\",\"url\":\"https:\/\/www.gooutdoor.it\/\",\"logo\":{\"@type\":\"ImageObject\",\"inLanguage\":\"de\",\"@id\":\"https:\/\/www.gooutdoor.it\/#\/schema\/logo\/image\/\",\"url\":\"https:\/\/www.gooutdoor.it\/wp-content\/uploads\/2021\/04\/logo-ok.png\",\"contentUrl\":\"https:\/\/www.gooutdoor.it\/wp-content\/uploads\/2021\/04\/logo-ok.png\",\"width\":504,\"height\":126,\"caption\":\"Gooutdoor\"},\"image\":{\"@id\":\"https:\/\/www.gooutdoor.it\/#\/schema\/logo\/image\/\"}}]}<\/script>\n<!-- \/ Yoast SEO plugin. -->","yoast_head_json":{"title":"Kontakte - Gooutdoor","robots":{"index":"index","follow":"follow","max-snippet":"max-snippet:-1","max-image-preview":"max-image-preview:large","max-video-preview":"max-video-preview:-1"},"og_locale":"de_DE","og_type":"article","og_title":"Kontakte - Gooutdoor","og_description":"Wenn Sie weitere Informationen oder Erl\u00e4uterungen w\u00fcnschen, kontaktieren Sie uns unter info@gooutdoor.it F\u00fcr Revervierungen k\u00f6nnen Sie mit uns Kontakt aufnehmen unter der Adresse booking@gooutdoor.it Wenn Sie ein Profi der Outdoor-Branche sind und sich bei unserer Plattform anmelden wollen, schreiben Sie uns unter der Adresse proguide@gooutdoor.it","og_url":"https:\/\/www.gooutdoor.it\/de\/kontakte\/","og_site_name":"Gooutdoor","article_modified_time":"2016-07-11T09:43:16+00:00","og_image":[{"width":2000,"height":1250,"url":"https:\/\/www.gooutdoor.it\/wp-content\/uploads\/2016\/06\/sfondo-contatti.jpg","type":"image\/jpeg"}],"twitter_card":"summary_large_image","schema":{"@context":"https:\/\/schema.org","@graph":[{"@type":"WebPage","@id":"https:\/\/www.gooutdoor.it\/de\/kontakte\/","url":"https:\/\/www.gooutdoor.it\/de\/kontakte\/","name":"Kontakte - Gooutdoor","isPartOf":{"@id":"https:\/\/www.gooutdoor.it\/#website"},"primaryImageOfPage":{"@id":"https:\/\/www.gooutdoor.it\/de\/kontakte\/#primaryimage"},"image":{"@id":"https:\/\/www.gooutdoor.it\/de\/kontakte\/#primaryimage"},"thumbnailUrl":"https:\/\/www.gooutdoor.it\/wp-content\/uploads\/2016\/06\/sfondo-contatti.jpg","datePublished":"2016-06-14T17:15:37+00:00","dateModified":"2016-07-11T09:43:16+00:00","breadcrumb":{"@id":"https:\/\/www.gooutdoor.it\/de\/kontakte\/#breadcrumb"},"inLanguage":"de","potentialAction":[{"@type":"ReadAction","target":["https:\/\/www.gooutdoor.it\/de\/kontakte\/"]}]},{"@type":"ImageObject","inLanguage":"de","@id":"https:\/\/www.gooutdoor.it\/de\/kontakte\/#primaryimage","url":"https:\/\/www.gooutdoor.it\/wp-content\/uploads\/2016\/06\/sfondo-contatti.jpg","contentUrl":"https:\/\/www.gooutdoor.it\/wp-content\/uploads\/2016\/06\/sfondo-contatti.jpg","width":2000,"height":1250},{"@type":"BreadcrumbList","@id":"https:\/\/www.gooutdoor.it\/de\/kontakte\/#breadcrumb","itemListElement":[{"@type":"ListItem","position":1,"name":"Home","item":"https:\/\/www.gooutdoor.it\/de\/"},{"@type":"ListItem","position":2,"name":"Kontakte"}]},{"@type":"WebSite","@id":"https:\/\/www.gooutdoor.it\/#website","url":"https:\/\/www.gooutdoor.it\/","name":"Gooutdoor","description":"Experience a Pro Guide","publisher":{"@id":"https:\/\/www.gooutdoor.it\/#organization"},"potentialAction":[{"@type":"SearchAction","target":{"@type":"EntryPoint","urlTemplate":"https:\/\/www.gooutdoor.it\/?s={search_term_string}"},"query-input":{"@type":"PropertyValueSpecification","valueRequired":true,"valueName":"search_term_string"}}],"inLanguage":"de"},{"@type":"Organization","@id":"https:\/\/www.gooutdoor.it\/#organization","name":"Gooutdoor","url":"https:\/\/www.gooutdoor.it\/","logo":{"@type":"ImageObject","inLanguage":"de","@id":"https:\/\/www.gooutdoor.it\/#\/schema\/logo\/image\/","url":"https:\/\/www.gooutdoor.it\/wp-content\/uploads\/2021\/04\/logo-ok.png","contentUrl":"https:\/\/www.gooutdoor.it\/wp-content\/uploads\/2021\/04\/logo-ok.png","width":504,"height":126,"caption":"Gooutdoor"},"image":{"@id":"https:\/\/www.gooutdoor.it\/#\/schema\/logo\/image\/"}}]}},"_links":{"self":[{"href":"https:\/\/www.gooutdoor.it\/de\/wp-json\/wp\/v2\/pages\/3962","targetHints":{"allow":["GET"]}}],"collection":[{"href":"https:\/\/www.gooutdoor.it\/de\/wp-json\/wp\/v2\/pages"}],"about":[{"href":"https:\/\/www.gooutdoor.it\/de\/wp-json\/wp\/v2\/types\/page"}],"author":[{"embeddable":true,"href":"https:\/\/www.gooutdoor.it\/de\/wp-json\/wp\/v2\/users\/1"}],"replies":[{"embeddable":true,"href":"https:\/\/www.gooutdoor.it\/de\/wp-json\/wp\/v2\/comments?post=3962"}],"version-history":[{"count":0,"href":"https:\/\/www.gooutdoor.it\/de\/wp-json\/wp\/v2\/pages\/3962\/revisions"}],"wp:featuredmedia":[{"embeddable":true,"href":"https:\/\/www.gooutdoor.it\/de\/wp-json\/wp\/v2\/media\/3960"}],"wp:attachment":[{"href":"https:\/\/www.gooutdoor.it\/de\/wp-json\/wp\/v2\/media?parent=3962"}],"curies":[{"name":"wp","href":"https:\/\/api.w.org\/{rel}","templated":true}]}}